{"id":5,"date":"2021-01-23T17:38:57","date_gmt":"2021-01-23T16:38:57","guid":{"rendered":"http:\/\/klang-leben-inzlingen.de\/?page_id=5"},"modified":"2024-09-27T18:16:37","modified_gmt":"2024-09-27T16:16:37","slug":"gestalte-deine-website-mit-bloecken","status":"publish","type":"page","link":"http:\/\/klang-leben-loerrach.de\/","title":{"rendered":"Klang-Leben"},"content":{"rendered":"<p><div class=\"fusion-fullwidth fullwidth-box fusion-builder-row-1 fusion-flex-container hundred-percent-fullwidth non-hundred-percent-height-scrolling\" style=\"background-color: #ffffff;background-position: center center;background-repeat: no-repeat;border-width: 0px 0px 0px 0px;border-color:#e2e2e2;border-style:solid;\" ><div class=\"fusion-builder-row fusion-row fusion-flex-align-items-flex-start\" style=\"width:104% !important;max-width:104% !important;margin-left: calc(-4% \/ 2 );margin-right: calc(-4% \/ 2 );\"><div class=\"fusion-layout-column fusion_builder_column fusion-builder-column-0 fusion_builder_column_1_1 1_1 fusion-flex-column\"><div class=\"fusion-column-wrapper fusion-flex-justify-content-flex-start fusion-content-layout-column\" style=\"background-position:left top;background-repeat:no-repeat;-webkit-background-size:cover;-moz-background-size:cover;-o-background-size:cover;background-size:cover;background-color:#659132;padding: 0px 0px 0px 0px;\"><div class=\"fusion-text fusion-text-1 fusion-animated fusion-text-no-margin\" style=\"margin-top:10px;margin-bottom:10px;\" data-animationType=\"slideInLeft\" data-animationDuration=\"3.3\" data-animationOffset=\"top-into-view\"><p style=\"text-align: center;\"><b style=\"color: #ea5d00;\"><span style=\"color: #e8aa00;\">NEUE TERMINE : Klangentspannung am Abend im M\u00e4rz, April + Mai \u201926 (siehe Angebote) <\/span> <\/b> <span style=\"color: #f4f122;\"><b style=\"color: #f4f122;\">Neu: Faszien-Klangmassage + bei Tinnitus<\/b><\/span><\/p>\n<\/div><\/div><style type=\"text\/css\">.fusion-body .fusion-builder-column-0{width:100% !important;margin-top : 0px;margin-bottom : 0px;}.fusion-builder-column-0 > .fusion-column-wrapper {padding-top : 0px !important;padding-right : 0px !important;margin-right : 1.92%;padding-bottom : 0px !important;padding-left : 0px !important;margin-left : 1.92%;}@media only screen and (max-width:1024px) {.fusion-body .fusion-builder-column-0{width:100% !important;order : 0;}.fusion-builder-column-0 > .fusion-column-wrapper {margin-right : 1.92%;margin-left : 1.92%;}}@media only screen and (max-width:640px) {.fusion-body .fusion-builder-column-0{width:100% !important;order : 0;}.fusion-builder-column-0 > .fusion-column-wrapper {margin-right : 1.92%;margin-left : 1.92%;}}<\/style><\/div><\/div><style type=\"text\/css\">.fusion-body .fusion-flex-container.fusion-builder-row-1{ padding-top : 0px;margin-top : -60;padding-right : 0px;padding-bottom : 31px;margin-bottom : 0px;padding-left : 0px;}<\/style><\/div>\n<div class=\"fusion-fullwidth fullwidth-box fusion-builder-row-2 fusion-flex-container nonhundred-percent-fullwidth non-hundred-percent-height-scrolling\" style=\"background-color: rgba(255,255,255,0);background-position: center center;background-repeat: no-repeat;border-width: 0px 0px 0px 0px;border-color:#e2e2e2;border-style:solid;\" ><div class=\"fusion-builder-row fusion-row fusion-flex-align-items-flex-start\" style=\"max-width:1248px;margin-left: calc(-4% \/ 2 );margin-right: calc(-4% \/ 2 );\"><div class=\"fusion-layout-column fusion_builder_column fusion-builder-column-1 fusion_builder_column_1_1 1_1 fusion-flex-column\"><div class=\"fusion-column-wrapper fusion-flex-justify-content-flex-start fusion-content-layout-column\" style=\"background-position:left top;background-repeat:no-repeat;-webkit-background-size:cover;-moz-background-size:cover;-o-background-size:cover;background-size:cover;padding: 0px 0px 0px 0px;\"><div class=\"fusion-text fusion-text-2\"><h2 style=\"text-align: center; color: rgb(101, 145, 50);\">Willkommen bei Klang-Leben<\/h2>\n<\/div><\/div><style type=\"text\/css\">.fusion-body .fusion-builder-column-1{width:100% !important;margin-top : 0px;margin-bottom : 0px;}.fusion-builder-column-1 > .fusion-column-wrapper {padding-top : 0px !important;padding-right : 0px !important;margin-right : 0%;padding-bottom : 0px !important;padding-left : 0px !important;margin-left : 1.92%;}@media only screen and (max-width:1024px) {.fusion-body .fusion-builder-column-1{width:100% !important;order : 0;}.fusion-builder-column-1 > .fusion-column-wrapper {margin-right : 0%;margin-left : 1.92%;}}@media only screen and (max-width:640px) {.fusion-body .fusion-builder-column-1{width:100% !important;order : 0;}.fusion-builder-column-1 > .fusion-column-wrapper {margin-right : 1.92%;margin-left : 1.92%;}}<\/style><\/div><\/div><style type=\"text\/css\">.fusion-body .fusion-flex-container.fusion-builder-row-2{ padding-top : 0px;margin-top : 0px;padding-right : 0px;padding-bottom : 0px;margin-bottom : 0px;padding-left : 0px;}<\/style><\/div><div class=\"fusion-fullwidth fullwidth-box fusion-builder-row-3 fusion-flex-container nonhundred-percent-fullwidth non-hundred-percent-height-scrolling\" style=\"background-color: rgba(255,255,255,0);background-position: center center;background-repeat: no-repeat;border-width: 0px 0px 0px 0px;border-color:#e2e2e2;border-style:solid;\" ><div class=\"fusion-builder-row fusion-row fusion-flex-align-items-stretch fusion-flex-justify-content-space-evenly\" style=\"max-width:1248px;margin-left: calc(-4% \/ 2 );margin-right: calc(-4% \/ 2 );\"><div class=\"fusion-layout-column fusion_builder_column fusion-builder-column-2 fusion_builder_column_1_3 1_3 fusion-flex-column fusion-flex-align-self-center\"><div class=\"fusion-column-wrapper fusion-flex-justify-content-flex-start fusion-content-layout-column\" style=\"background-position:left top;background-repeat:no-repeat;-webkit-background-size:cover;-moz-background-size:cover;-o-background-size:cover;background-size:cover;padding: 0px 0px 0px px;\"><div ><span class=\" fusion-imageframe imageframe-none imageframe-1 hover-type-none\"><img decoding=\"async\" width=\"300\" height=\"218\" title=\"P1160659\" src=\"http:\/\/klang-leben-l\u00f6rrach.de\/wp-content\/uploads\/2021\/02\/P1160659-e1635079030632-300x218.jpg\" class=\"img-responsive wp-image-59\" srcset=\"http:\/\/klang-leben-l\u00f6rrach.de\/wp-content\/uploads\/2021\/02\/P1160659-e1635079030632-200x145.jpg 200w, http:\/\/klang-leben-l\u00f6rrach.de\/wp-content\/uploads\/2021\/02\/P1160659-e1635079030632-400x291.jpg 400w, http:\/\/klang-leben-l\u00f6rrach.de\/wp-content\/uploads\/2021\/02\/P1160659-e1635079030632-600x436.jpg 600w, http:\/\/klang-leben-l\u00f6rrach.de\/wp-content\/uploads\/2021\/02\/P1160659-e1635079030632-800x582.jpg 800w, http:\/\/klang-leben-l\u00f6rrach.de\/wp-content\/uploads\/2021\/02\/P1160659-e1635079030632-1200x873.jpg 1200w\" sizes=\"(max-width: 640px) 100vw, 400px\" \/><\/span><\/div><\/div><style type=\"text\/css\">.fusion-body .fusion-builder-column-2{width:33.3333333333% !important;margin-top : 0px;margin-bottom : 20px;}.fusion-builder-column-2 > .fusion-column-wrapper {padding-top : 0px !important;padding-right : 0px !important;margin-right : 0%;padding-bottom : 0px !important;padding-left : px !important;margin-left : 14.4%;}@media only screen and (max-width:1024px) {.fusion-body .fusion-builder-column-2{width:33.3333333333% !important;order : 0;}.fusion-builder-column-2 > .fusion-column-wrapper {margin-right : 0%;margin-left : 14.4%;}}@media only screen and (max-width:640px) {.fusion-body .fusion-builder-column-2{width:100% !important;order : 0;}.fusion-builder-column-2 > .fusion-column-wrapper {margin-right : 1.92%;margin-left : 1.92%;}}<\/style><\/div><div class=\"fusion-layout-column fusion_builder_column fusion-builder-column-3 fusion_builder_column_2_3 2_3 fusion-flex-column fusion-flex-align-self-center\"><div class=\"fusion-column-wrapper fusion-flex-justify-content-flex-start fusion-content-layout-column\" style=\"background-position:left top;background-repeat:no-repeat;-webkit-background-size:cover;-moz-background-size:cover;-o-background-size:cover;background-size:cover;padding: 0px 0px 0px 0px;\"><div class=\"fusion-text fusion-text-3 fusion-text-no-margin\" style=\"margin-top:10px;margin-right:15px;margin-bottom:10px;margin-left:10px;\"><p>Erleben Sie die wohltuende Welt des Klangs. <span style=\"background-color: rgba(255, 255, 255, 0); color: var(--body_typography-color); font-family: var(--body_typography-font-family); font-size: var(--body_typography-font-size); font-style: var(--body_typography-font-style,normal); font-weight: var(--body_typography-font-weight); letter-spacing: var(--body_typography-letter-spacing);\">Sehnsucht nach Ruhe und Entspannung, <\/span><span style=\"background-color: rgba(255, 255, 255, 0); color: var(--body_typography-color); font-family: var(--body_typography-font-family); font-size: var(--body_typography-font-size); font-style: var(--body_typography-font-style,normal); font-weight: var(--body_typography-font-weight); letter-spacing: var(--body_typography-letter-spacing);\">einfach einmal abschalten, Gedanken zur Ruhe kommen lassen\u2026<\/span><\/p>\n<p>In meiner Praxis \u201eKlang-Leben\u201c d\u00fcrfen Sie das erfahren und dabei den Alltag f\u00fcr eine Weile hinter sich lassen.<\/p>\n<p>G\u00f6nnen Sie Ihrem K\u00f6rper bei einer Peter-Hess<strong>\u00ae-<\/strong>Klangmassage, einem Klangentspannungs-Abend oder einem Klang-Bad Zeit zum Abschalten, Ruhe zu finden und die Seele baumeln zu lassen.<\/p>\n<p>Ich freue mich auf Sie.<\/p>\n<p style=\"padding-left: 40px; font-family: 'Alex Brush';\" data-fusion-font=\"true\" data-fusion-google-font=\"Alex Brush\" data-fusion-google-variant=\"400\"><b style=\"background-color: rgba(255, 255, 255, 0); color: var(--body_typography-color); font-style: var(--body_typography-font-style,normal); letter-spacing: var(--body_typography-letter-spacing); font-family: 'Alex Brush'; font-size: 27px;\">Ruth Albiez<\/b><\/p>\n<\/div><\/div><style type=\"text\/css\">.fusion-body .fusion-builder-column-3{width:66.6666666667% !important;margin-top : 0px;margin-bottom : 0px;}.fusion-builder-column-3 > .fusion-column-wrapper {padding-top : 0px !important;padding-right : 0px !important;margin-right : 3.888%;padding-bottom : 0px !important;padding-left : 0px !important;margin-left : 0%;}@media only screen and (max-width:1024px) {.fusion-body .fusion-builder-column-3{width:66.6666666667% !important;order : 0;}.fusion-builder-column-3 > .fusion-column-wrapper {margin-right : 3.888%;margin-left : 0%;}}@media only screen and (max-width:640px) {.fusion-body .fusion-builder-column-3{width:100% !important;order : 0;}.fusion-builder-column-3 > .fusion-column-wrapper {margin-right : 1.92%;margin-left : 1.92%;}}<\/style><\/div><\/div><style type=\"text\/css\">.fusion-body .fusion-flex-container.fusion-builder-row-3{ padding-top : 0px;margin-top : 0px;padding-right : 0px;padding-bottom : 0px;margin-bottom : 30px;padding-left : 0px;}<\/style><\/div><div class=\"fusion-fullwidth fullwidth-box fusion-builder-row-4 fusion-flex-container nonhundred-percent-fullwidth non-hundred-percent-height-scrolling\" style=\"background-color: rgba(255,255,255,0);background-position: center center;background-repeat: no-repeat;border-width: 0px 0px 0px 0px;border-color:#e2e2e2;border-style:solid;\" ><div class=\"fusion-builder-row fusion-row fusion-flex-align-items-flex-start\" style=\"max-width:1248px;margin-left: calc(-4% \/ 2 );margin-right: calc(-4% \/ 2 );\"><div class=\"fusion-layout-column fusion_builder_column fusion-builder-column-4 fusion_builder_column_3_5 3_5 fusion-flex-column\"><div class=\"fusion-column-wrapper fusion-flex-justify-content-flex-start fusion-content-layout-column\" style=\"background-position:left top;background-repeat:no-repeat;-webkit-background-size:cover;-moz-background-size:cover;-o-background-size:cover;background-size:cover;padding: 0px 0px 0px 0px;\"><div class=\"fusion-text fusion-text-4 fusion-text-no-margin\" style=\"text-align:center;margin-top:-20px;margin-bottom:-30px;\"><h6 style=\"text-align: center;\">\u201eDer Ton der Klangschale ber\u00fchrt unser Innerstes, er bringt die Seele zum Schwingen. Der Klang l\u00f6st Spannungen, mobilisiert die Selbstheilungskr\u00e4fte und setzt sch\u00f6pferische Energien frei.\u201c<\/h6>\n<\/div><div class=\"fusion-separator fusion-full-width-sep\" style=\"align-self: center;margin-left: auto;margin-right: auto;width:100%;\"><div class=\"fusion-separator-border sep-double\" style=\"border-color:#e2e2e2;border-top-width:1px;border-bottom-width:1px;\"><\/div><\/div><div class=\"fusion-text fusion-text-5\" style=\"margin-top:10px;\"><p style=\"text-align: center;\"><span style=\"background-color: rgba(255, 255, 255, 0); color: var(--body_typography-color); font-family: var(--body_typography-font-family); font-style: var(--body_typography-font-style,normal); font-weight: var(--body_typography-font-weight); letter-spacing: var(--body_typography-letter-spacing); font-size: 14px;\" data-fusion-font=\"true\">Pet<\/span><span data-fusion-font=\"true\" style=\"color: var(--body_typography-color); font-family: var(--body_typography-font-family); font-style: var(--body_typography-font-style,normal); font-weight: var(--body_typography-font-weight); letter-spacing: var(--body_typography-letter-spacing); background-color: rgba(255, 255, 255, 0); font-size: 14px;\">er Hess, Begr\u00fcnder der <\/span><em style=\"color: var(--body_typography-color); font-family: var(--body_typography-font-family); font-size: var(--body_typography-font-size); font-weight: var(--body_typography-font-weight); letter-spacing: var(--body_typography-letter-spacing); background-color: rgba(255, 255, 255, 0);\"><span style=\"font-size: 14px;\" data-fusion-font=\"true\">Peter-Hess<\/span><\/em><span style=\"font-size: 14px; background-color: rgba(255, 255, 255, 0); color: var(--body_typography-color); font-family: var(--body_typography-font-family); font-style: var(--body_typography-font-style,normal); font-weight: var(--body_typography-font-weight); letter-spacing: var(--body_typography-letter-spacing);\">\u00ae<\/span><span style=\"background-color: rgba(255, 255, 255, 0); color: var(--body_typography-color); font-family: var(--body_typography-font-family); font-size: 14px; font-style: var(--body_typography-font-style,normal); font-weight: var(--body_typography-font-weight); letter-spacing: var(--body_typography-letter-spacing);\">-Klangmassage<\/span><\/p>\n<\/div><\/div><style type=\"text\/css\">.fusion-body .fusion-builder-column-4{width:60% !important;margin-top : 0px;margin-bottom : 20px;}.fusion-builder-column-4 > .fusion-column-wrapper {padding-top : 0px !important;padding-right : 0px !important;margin-right : 10.88%;padding-bottom : 0px !important;padding-left : 0px !important;margin-left : 21.28%;}@media only screen and (max-width:1024px) {.fusion-body .fusion-builder-column-4{width:60% !important;order : 0;}.fusion-builder-column-4 > .fusion-column-wrapper {margin-right : 10.88%;margin-left : 21.28%;}}@media only screen and (max-width:640px) {.fusion-body .fusion-builder-column-4{width:100% !important;order : 0;}.fusion-builder-column-4 > .fusion-column-wrapper {margin-right : 1.92%;margin-left : 1.92%;}}<\/style><\/div><div class=\"fusion-layout-column fusion_builder_column fusion-builder-column-5 fusion_builder_column_2_5 2_5 fusion-flex-column fusion-flex-align-self-center\"><div class=\"fusion-column-wrapper fusion-flex-justify-content-flex-start fusion-content-layout-column\" style=\"background-position:left top;background-repeat:no-repeat;-webkit-background-size:cover;-moz-background-size:cover;-o-background-size:cover;background-size:cover;padding: 0px 0px 0px 0px;\"><div ><span class=\" fusion-imageframe imageframe-none imageframe-2 hover-type-none\"><img decoding=\"async\" width=\"300\" height=\"224\" title=\"IMG_20210820_175657\" src=\"http:\/\/klang-leben-l\u00f6rrach.de\/wp-content\/uploads\/2021\/09\/IMG_20210820_175657-300x224.jpg\" class=\"img-responsive wp-image-521\" srcset=\"http:\/\/klang-leben-l\u00f6rrach.de\/wp-content\/uploads\/2021\/09\/IMG_20210820_175657-200x150.jpg 200w, http:\/\/klang-leben-l\u00f6rrach.de\/wp-content\/uploads\/2021\/09\/IMG_20210820_175657-400x299.jpg 400w, http:\/\/klang-leben-l\u00f6rrach.de\/wp-content\/uploads\/2021\/09\/IMG_20210820_175657-600x449.jpg 600w, http:\/\/klang-leben-l\u00f6rrach.de\/wp-content\/uploads\/2021\/09\/IMG_20210820_175657-800x599.jpg 800w, http:\/\/klang-leben-l\u00f6rrach.de\/wp-content\/uploads\/2021\/09\/IMG_20210820_175657-1200x898.jpg 1200w\" sizes=\"(max-width: 640px) 100vw, 600px\" \/><\/span><\/div><\/div><style type=\"text\/css\">.fusion-body .fusion-builder-column-5{width:40% !important;margin-top : 0px;margin-bottom : 20px;}.fusion-builder-column-5 > .fusion-column-wrapper {padding-top : 0px !important;padding-right : 0px !important;margin-right : 9.12%;padding-bottom : 0px !important;padding-left : 0px !important;margin-left : 8.64%;}@media only screen and (max-width:1024px) {.fusion-body .fusion-builder-column-5{width:40% !important;order : 0;}.fusion-builder-column-5 > .fusion-column-wrapper {margin-right : 9.12%;margin-left : 8.64%;}}@media only screen and (max-width:640px) {.fusion-body .fusion-builder-column-5{width:100% !important;order : 0;}.fusion-builder-column-5 > .fusion-column-wrapper {margin-right : 24.384%;margin-left : 24.384%;}}<\/style><\/div><\/div><style type=\"text\/css\">.fusion-body .fusion-flex-container.fusion-builder-row-4{ padding-top : 0px;margin-top : 0px;padding-right : 0px;padding-bottom : 0px;margin-bottom : 0px;padding-left : 0px;}<\/style><\/div><\/p>\n","protected":false},"excerpt":{"rendered":"","protected":false},"author":1,"featured_media":0,"parent":0,"menu_order":0,"comment_status":"closed","ping_status":"closed","template":"100-width.php","meta":{"footnotes":""},"class_list":["post-5","page","type-page","status-publish","hentry"],"_links":{"self":[{"href":"http:\/\/klang-leben-loerrach.de\/wp-json\/wp\/v2\/pages\/5","targetHints":{"allow":["GET"]}}],"collection":[{"href":"http:\/\/klang-leben-loerrach.de\/wp-json\/wp\/v2\/pages"}],"about":[{"href":"http:\/\/klang-leben-loerrach.de\/wp-json\/wp\/v2\/types\/page"}],"author":[{"embeddable":true,"href":"http:\/\/klang-leben-loerrach.de\/wp-json\/wp\/v2\/users\/1"}],"replies":[{"embeddable":true,"href":"http:\/\/klang-leben-loerrach.de\/wp-json\/wp\/v2\/comments?post=5"}],"version-history":[{"count":11,"href":"http:\/\/klang-leben-loerrach.de\/wp-json\/wp\/v2\/pages\/5\/revisions"}],"predecessor-version":[{"id":520,"href":"http:\/\/klang-leben-loerrach.de\/wp-json\/wp\/v2\/pages\/5\/revisions\/520"}],"wp:attachment":[{"href":"http:\/\/klang-leben-loerrach.de\/wp-json\/wp\/v2\/media?parent=5"}],"curies":[{"name":"wp","href":"https:\/\/api.w.org\/{rel}","templated":true}]}}